{"id":586,"date":"2021-12-08T15:17:00","date_gmt":"2021-12-08T15:17:00","guid":{"rendered":"https:\/\/2022.ar-calendar.ro\/home-ro\/"},"modified":"2022-10-12T11:02:49","modified_gmt":"2022-10-12T11:02:49","slug":"home-ro","status":"publish","type":"page","link":"https:\/\/2023.ar-calendar.ro\/hu\/","title":{"rendered":"!Home-HU"},"content":{"rendered":"<p>[vc_row el_class=&#8221;row-home-top&#8221;][vc_column][vc_custom_heading text=&#8221;2023&#8243; font_container=&#8221;tag:h2|text_align:center&#8221; use_theme_fonts=&#8221;yes&#8221;][vc_custom_heading text=&#8221;Gy\u00f3gyn\u00f6v\u00e9nyek&#8221; font_container=&#8221;tag:h1|text_align:center&#8221; use_theme_fonts=&#8221;yes&#8221; el_class=&#8221;handwritten&#8221;][vc_column_text]<\/p>\n<p style=\"text-align: center;\">Az embert m\u00e1r a kezdetekt\u0151l foglalkoztatta az eg\u00e9szs\u00e9ge. Legfontosabb mai napig a panaszok kezel\u00e9se \u00e9s emellett a f\u00e1jdalom \u00e9s betegs\u00e9g megel\u0151z\u00e9se. Az \u00f3kori gy\u00f3gy\u00edt\u00f3k a term\u00e9szet patik\u00e1j\u00e1hoz fordultak, a XXI. sz\u00e1zad pedig a szintetikus hat\u00f3anyagok mellett tov\u00e1bbra is bizalommal \u00e9s meggy\u0151z\u0151d\u00e9ssel fordul \u00e9vezredeken kereszt\u00fcl bev\u00e1lt n\u00f6v\u00e9nyi elix\u00edrekhez.<\/p>\n<p style=\"text-align: center;\">Az Eg\u00e9szs\u00e9g\u00fcgyi Vil\u00e1gszervezet (WHO) legut\u00f3bb 2021-ben friss\u00edtett alapvet\u0151 gy\u00f3gyszerlist\u00e1j\u00e1n kb. 11%-ban szerepelnek olyan hat\u00f3anyagok melyek n\u00f6v\u00e9nyi eredet\u0171ek. Ez a t\u00e9ny is bizony\u00edtja, hogy a gy\u00f3gyn\u00f6v\u00e9nyek meghat\u00e1roz\u00f3 \u00e9s hat\u00e9kony szerepet j\u00e1tszanak a gy\u00f3gy\u00edt\u00e1sban.<\/p>\n<p style=\"text-align: center;\">Viszont a gy\u00f3gyn\u00f6v\u00e9nyek erej\u00e9t nem szabad al\u00e1becs\u00fclni, hiszen ugyanolyan \u00e1rtalmas mell\u00e9khat\u00e1sai lehetnek, mint a szintetikus gy\u00f3gyszereknek. Nem hi\u00e1ba gondoskodott ezekr\u0151l a k\u00f6z\u00e9pkorban is a patik\u00e1rius, akinek ismeretei voltak a n\u00f6v\u00e9nyi \u00e9s k\u00e9miai \u00f6sszetev\u0151kr\u0151l. Ez az \u0151si szakter\u00fclet a modern k\u00e9mia \u00e9s farmakol\u00f3gia tudom\u00e1ny\u00e1nak el\u0151fut\u00e1ra volt.<\/p>\n<p style=\"text-align: center;\">Richter Gedeon 1901-ben nyitja meg els\u0151 gy\u00f3gyszert\u00e1rj\u00e1t \u00e9s ezzel egyid\u0151ben elkezd\u0151dik a Richter gy\u00f3gyszert\u00e1r, majd -gy\u00e1r saj\u00e1t k\u00e9sz\u00edtm\u00e9nyeinek fejleszt\u00e9se is. Az id\u0151k folyam\u00e1n a term\u00e9kpalett\u00e1ban el\u0151kel\u0151 helyett kaptak a gy\u00f3gyn\u00f6v\u00e9nyekb\u0151l k\u00e9sz\u00fclt term\u00e9kek is, \u00edgy p\u00e9ld\u00e1ul a gy\u00f6ngyvir\u00e1gb\u00f3l, m\u00e1kb\u00f3l el\u0151\u00e1ll\u00edtott k\u00e9sz\u00edtm\u00e9nyek. Egyik vezet\u0151 term\u00e9k\u00fcnk hat\u00f3anyaga is hajdan gy\u00f3gyn\u00f6v\u00e9nyb\u0151l lett el\u0151sz\u00f6r kivonva, a t\u00e9li met\u00e9ngb\u0151l.<\/p>\n<p style=\"text-align: center;\"><strong>A Gedeon Richter Rom\u00e1nia 2023-as napt\u00e1ra ez\u00fattal a gy\u00f3gyn\u00f6v\u00e9nyeknek \u00e1ll\u00edt tiszteletet, hiszen itt tal\u00e1ljuk a farmakol\u00f3giai \u0151si alapjait. Napt\u00e1runk lapjain \u00e9s honlapunkon \u2013 S\u00e1rk\u00e1ny No\u00e9mi illusztr\u00e1tor j\u00f3volt\u00e1b\u00f3l \u2013 olyan gy\u00f3gyn\u00f6v\u00e9nyeket csod\u00e1lhatnak meg, melyek k\u00e9pesek gy\u00f3gy\u00edtani \u00e9s fokozni a fizikai \u00e9s ment\u00e1lis j\u00f3l\u00e9tet.<\/strong><\/p>\n<p>[\/vc_column_text][\/vc_column][\/vc_row][vc_row el_id=&#8221;homeMonthGrid&#8221;][vc_column][vc_custom_heading text=&#8221;Napt\u00e1r 2023&#8243; font_container=&#8221;tag:h3|text_align:center&#8221; use_theme_fonts=&#8221;yes&#8221;][vc_basic_grid post_type=&#8221;post&#8221; max_items=&#8221;12&#8243; element_width=&#8221;3&#8243; order=&#8221;ASC&#8221; item=&#8221;69&#8243; grid_id=&#8221;vc_gid:1665572559533-bc65fb60-e7be-10&#8243;][\/vc_column][\/vc_row][vc_row el_class=&#8221;home-copy&#8221;][vc_column][vc_column_text]<\/p>\n<p style=\"text-align: center;\">Forr\u00e1s: \u00a0<a href=\"about:blank\">www.gyogyszeresztortenet.hu<\/a> | <a href=\"about:blank\">www.wikipedia.org<\/a> | <a href=\"http:\/\/www.gyogynovenylap.hu\">www.gyogynovenylap.hu<\/a><\/p>\n<p>[\/vc_column_text][\/vc_column][\/vc_row]<\/p>\n","protected":false},"excerpt":{"rendered":"<p>[vc_row el_class=&#8221;row-home-top&#8221;][vc_column][vc_custom_heading text=&#8221;2023&#8243; font_container=&#8221;tag:h2|text_align:center&#8221; use_theme_fonts=&#8221;yes&#8221;][vc_custom_heading text=&#8221;Gy\u00f3gyn\u00f6v\u00e9nyek&#8221; font_container=&#8221;tag:h1|text_align:center&#8221; use_theme_fonts=&#8221;yes&#8221; el_class=&#8221;handwritten&#8221;][vc_column_text] Az embert m\u00e1r a kezdetekt\u0151l foglalkoztatta az eg\u00e9szs\u00e9ge. Legfontosabb mai napig a panaszok kezel\u00e9se \u00e9s emellett a f\u00e1jdalom \u00e9s betegs\u00e9g megel\u0151z\u00e9se. Az \u00f3kori gy\u00f3gy\u00edt\u00f3k a term\u00e9szet patik\u00e1j\u00e1hoz fordultak, a XXI. sz\u00e1zad pedig a szintetikus hat\u00f3anyagok mellett tov\u00e1bbra is bizalommal \u00e9s meggy\u0151z\u0151d\u00e9ssel fordul \u00e9vezredeken kereszt\u00fcl bev\u00e1lt n\u00f6v\u00e9nyi&hellip;<\/p>\n","protected":false},"author":1,"featured_media":0,"parent":0,"menu_order":0,"comment_status":"closed","ping_status":"closed","template":"","meta":[],"acf":[],"_links":{"self":[{"href":"https:\/\/2023.ar-calendar.ro\/hu\/wp-json\/wp\/v2\/pages\/586"}],"collection":[{"href":"https:\/\/2023.ar-calendar.ro\/hu\/wp-json\/wp\/v2\/pages"}],"about":[{"href":"https:\/\/2023.ar-calendar.ro\/hu\/wp-json\/wp\/v2\/types\/page"}],"author":[{"embeddable":true,"href":"https:\/\/2023.ar-calendar.ro\/hu\/wp-json\/wp\/v2\/users\/1"}],"replies":[{"embeddable":true,"href":"https:\/\/2023.ar-calendar.ro\/hu\/wp-json\/wp\/v2\/comments?post=586"}],"version-history":[{"count":8,"href":"https:\/\/2023.ar-calendar.ro\/hu\/wp-json\/wp\/v2\/pages\/586\/revisions"}],"predecessor-version":[{"id":961,"href":"https:\/\/2023.ar-calendar.ro\/hu\/wp-json\/wp\/v2\/pages\/586\/revisions\/961"}],"wp:attachment":[{"href":"https:\/\/2023.ar-calendar.ro\/hu\/wp-json\/wp\/v2\/media?parent=586"}],"curies":[{"name":"wp","href":"https:\/\/api.w.org\/{rel}","templated":true}]}}