{"id":582,"date":"2021-12-08T15:17:00","date_gmt":"2021-12-08T15:17:00","guid":{"rendered":"https:\/\/2022.ar-calendar.ro\/home-ro\/"},"modified":"2022-10-12T07:07:31","modified_gmt":"2022-10-12T07:07:31","slug":"home-ro","status":"publish","type":"page","link":"https:\/\/2023.ar-calendar.ro\/en\/","title":{"rendered":"!Home-ENG"},"content":{"rendered":"<p>[vc_row el_class=&#8221;row-home-top&#8221;][vc_column][vc_custom_heading text=&#8221;2023&#8243; font_container=&#8221;tag:h2|text_align:center&#8221; use_theme_fonts=&#8221;yes&#8221;][vc_custom_heading text=&#8221;Medicinal Herbs &#8221; font_container=&#8221;tag:h1|text_align:center&#8221; use_theme_fonts=&#8221;yes&#8221; el_class=&#8221;handwritten&#8221;][vc_column_text]<\/p>\n<p style=\"text-align: center;\">Man has been concerned about his health, since the beginning of time. The most important thing to this day, is also to treat complaints (diseases) and prevent pain and illnesses. Antiquity healers turned to nature&#8217;s pharmacy, and people of the 21st century, alongside synthetic agents, continue turning with confidence and conviction to herbal elixirs that have been efficient for thousands of years.<\/p>\n<p style=\"text-align: center;\">In the World Health Organization&#8217;s (WHO) list of essential medicines, last updated in 2021, about 11% of the active ingredients are originated from plants. This fact, also proves that medicinal herbs play a crucial and effective role in medicine.<\/p>\n<p style=\"text-align: center;\">However, we should not underestimate the power of medicinal plants, as they can have side effects that are just as harmful as the side effects of synthetic medicines. That is why, they were provided for by apothecaries in the Middle Ages, who knew the herbal and chemical ingredients. This ancient discipline was the forerunner of modern chemistry and pharmacology.<\/p>\n<p style=\"text-align: center;\">Gedeon Richter opened his first pharmacy in 1901, and at the same time, he began to develop his drug products for the Richter Pharmacy and later the Richter Pharmaceutical Company. Over time, products made from medicinal herbs, such as lilies of the valley and poppies, came to occupy a prominent place in the product range. The active ingredient of one of our leading products, was also once extracted for the first time, from a medicinal plant, the periwinkle.<\/p>\n<p style=\"text-align: center;\"><strong>This time, Gedeon Richter Romania&#8217;s 2023 calendar pays tribute to medicinal plants, as this is where the ancient foundations of pharmacology lays. On the pages of our calendar and our website, thanks to illustrator No\u00e9mi S\u00e1rk\u00e1ny, you can admire medicinal plants that can heal and enhance physical and mental well-being.<\/strong><\/p>\n<p>[\/vc_column_text][\/vc_column][\/vc_row][vc_row el_id=&#8221;homeMonthGrid&#8221;][vc_column][vc_custom_heading text=&#8221;Calendar 2023&#8243; font_container=&#8221;tag:h3|text_align:center&#8221; use_theme_fonts=&#8221;yes&#8221;][vc_basic_grid post_type=&#8221;post&#8221; max_items=&#8221;12&#8243; element_width=&#8221;3&#8243; order=&#8221;ASC&#8221; item=&#8221;69&#8243; grid_id=&#8221;vc_gid:1665558303051-523fd288-d928-7&#8243;][\/vc_column][\/vc_row][vc_row el_class=&#8221;home-copy&#8221;][vc_column][vc_column_text]<\/p>\n<p style=\"text-align: center;\">Source: <a href=\"about:blank\">www.gyogyszeresztortenet.hu<\/a> | <a href=\"about:blank\">www.wikipedia.org<\/a> | <a href=\"http:\/\/www.gyogynovenylap.hu\">www.gyogynovenylap.hu<\/a><\/p>\n<p>[\/vc_column_text][\/vc_column][\/vc_row]<\/p>\n","protected":false},"excerpt":{"rendered":"<p>[vc_row el_class=&#8221;row-home-top&#8221;][vc_column][vc_custom_heading text=&#8221;2023&#8243; font_container=&#8221;tag:h2|text_align:center&#8221; use_theme_fonts=&#8221;yes&#8221;][vc_custom_heading text=&#8221;Medicinal Herbs &#8221; font_container=&#8221;tag:h1|text_align:center&#8221; use_theme_fonts=&#8221;yes&#8221; el_class=&#8221;handwritten&#8221;][vc_column_text] Man has been concerned about his health, since the beginning of time. The most important thing to this day, is also to treat complaints (diseases) and prevent pain and illnesses. Antiquity healers turned to nature&#8217;s pharmacy, and people of the 21st century, alongside synthetic&hellip;<\/p>\n","protected":false},"author":1,"featured_media":0,"parent":0,"menu_order":0,"comment_status":"closed","ping_status":"closed","template":"","meta":[],"acf":[],"_links":{"self":[{"href":"https:\/\/2023.ar-calendar.ro\/en\/wp-json\/wp\/v2\/pages\/582"}],"collection":[{"href":"https:\/\/2023.ar-calendar.ro\/en\/wp-json\/wp\/v2\/pages"}],"about":[{"href":"https:\/\/2023.ar-calendar.ro\/en\/wp-json\/wp\/v2\/types\/page"}],"author":[{"embeddable":true,"href":"https:\/\/2023.ar-calendar.ro\/en\/wp-json\/wp\/v2\/users\/1"}],"replies":[{"embeddable":true,"href":"https:\/\/2023.ar-calendar.ro\/en\/wp-json\/wp\/v2\/comments?post=582"}],"version-history":[{"count":5,"href":"https:\/\/2023.ar-calendar.ro\/en\/wp-json\/wp\/v2\/pages\/582\/revisions"}],"predecessor-version":[{"id":917,"href":"https:\/\/2023.ar-calendar.ro\/en\/wp-json\/wp\/v2\/pages\/582\/revisions\/917"}],"wp:attachment":[{"href":"https:\/\/2023.ar-calendar.ro\/en\/wp-json\/wp\/v2\/media?parent=582"}],"curies":[{"name":"wp","href":"https:\/\/api.w.org\/{rel}","templated":true}]}}